{"id":17964,"date":"2021-03-29T08:23:47","date_gmt":"2021-03-29T08:23:47","guid":{"rendered":"https:\/\/joyasdemompox.com\/?page_id=17964"},"modified":"2025-11-17T16:56:06","modified_gmt":"2025-11-17T16:56:06","slug":"about-us-1","status":"publish","type":"page","link":"https:\/\/joyasdemompox.com\/en\/about-us-1\/","title":{"rendered":"Nosotros"},"content":{"rendered":"<div data-elementor-type=\"wp-page\" data-elementor-id=\"17964\" class=\"elementor elementor-17964\" data-elementor-post-type=\"page\">\n\t\t\t\t\t\t<section class=\"elementor-section elementor-top-section elementor-element elementor-element-d1c1870 elementor-section-boxed elementor-section-height-default elementor-section-height-default sc_fly_static\" data-id=\"d1c1870\" data-element_type=\"section\">\n\t\t\t\t\t\t<div class=\"elementor-container elementor-column-gap-extended\">\n\t\t\t\t\t<div class=\"elementor-column elementor-col-100 elementor-top-column elementor-element elementor-element-6d79612 sc_content_align_inherit sc_layouts_column_icons_position_left sc_fly_static\" data-id=\"6d79612\" data-element_type=\"column\">\n\t\t\t<div class=\"elementor-widget-wrap elementor-element-populated\">\n\t\t\t\t\t\t<div class=\"elementor-element elementor-element-3f35887 sc_height_medium sc_fly_static elementor-widget elementor-widget-spacer\" data-id=\"3f35887\" data-element_type=\"widget\" data-widget_type=\"spacer.default\">\n\t\t\t\t<div class=\"elementor-widget-container\">\n\t\t\t\t\t\t\t<div class=\"elementor-spacer\">\n\t\t\t<div class=\"elementor-spacer-inner\"><\/div>\n\t\t<\/div>\n\t\t\t\t\t\t<\/div>\n\t\t\t\t<\/div>\n\t\t\t\t\t<\/div>\n\t\t<\/div>\n\t\t\t\t\t<\/div>\n\t\t<\/section>\n\t\t\t\t<section class=\"elementor-section elementor-top-section elementor-element elementor-element-7e3e1f39 elementor-section-boxed elementor-section-height-default elementor-section-height-default sc_fly_static\" data-id=\"7e3e1f39\" data-element_type=\"section\">\n\t\t\t\t\t\t<div class=\"elementor-container elementor-column-gap-extended\">\n\t\t\t\t\t<div class=\"elementor-column elementor-col-33 elementor-top-column elementor-element elementor-element-138d2858 sc_content_align_inherit sc_layouts_column_icons_position_left sc_fly_static\" data-id=\"138d2858\" data-element_type=\"column\" data-settings=\"{&quot;background_background&quot;:&quot;classic&quot;}\">\n\t\t\t<div class=\"elementor-widget-wrap elementor-element-populated\">\n\t\t\t\t\t\t<div class=\"elementor-element elementor-element-5e775c1 sc_fly_static elementor-widget elementor-widget-spacer\" data-id=\"5e775c1\" data-element_type=\"widget\" data-widget_type=\"spacer.default\">\n\t\t\t\t<div class=\"elementor-widget-container\">\n\t\t\t\t\t\t\t<div class=\"elementor-spacer\">\n\t\t\t<div class=\"elementor-spacer-inner\"><\/div>\n\t\t<\/div>\n\t\t\t\t\t\t<\/div>\n\t\t\t\t<\/div>\n\t\t\t\t\t<\/div>\n\t\t<\/div>\n\t\t\t\t<div class=\"elementor-column elementor-col-33 elementor-top-column elementor-element elementor-element-7a29ae7b sc_content_align_inherit sc_layouts_column_icons_position_left sc_fly_static\" data-id=\"7a29ae7b\" data-element_type=\"column\">\n\t\t\t<div class=\"elementor-widget-wrap elementor-element-populated\">\n\t\t\t\t\t\t<div class=\"elementor-element elementor-element-94e6013 sc_layouts_hide_on_wide sc_layouts_hide_on_desktop sc_layouts_hide_on_notebook sc_layouts_hide_on_tablet sc_fly_static elementor-widget elementor-widget-spacer\" data-id=\"94e6013\" data-element_type=\"widget\" data-widget_type=\"spacer.default\">\n\t\t\t\t<div class=\"elementor-widget-container\">\n\t\t\t\t\t\t\t<div class=\"elementor-spacer\">\n\t\t\t<div class=\"elementor-spacer-inner\"><\/div>\n\t\t<\/div>\n\t\t\t\t\t\t<\/div>\n\t\t\t\t<\/div>\n\t\t\t\t\t<\/div>\n\t\t<\/div>\n\t\t\t\t<div class=\"elementor-column elementor-col-33 elementor-top-column elementor-element elementor-element-238dd8ac sc_content_align_inherit sc_layouts_column_icons_position_left sc_fly_static\" data-id=\"238dd8ac\" data-element_type=\"column\">\n\t\t\t<div class=\"elementor-widget-wrap elementor-element-populated\">\n\t\t\t\t\t\t<div class=\"elementor-element elementor-element-27172db7 sc_fly_static elementor-widget elementor-widget-heading\" data-id=\"27172db7\" data-element_type=\"widget\" data-widget_type=\"heading.default\">\n\t\t\t\t<div class=\"elementor-widget-container\">\n\t\t\t\t\t<h2 class=\"elementor-heading-title elementor-size-default\">Joyas que<br> \n<i>GUARDAN HISTORIA<i><\/h2>\t\t\t\t<\/div>\n\t\t\t\t<\/div>\n\t\t\t\t<div class=\"elementor-element elementor-element-1468fd62 sc_fly_static elementor-widget elementor-widget-spacer\" data-id=\"1468fd62\" data-element_type=\"widget\" data-widget_type=\"spacer.default\">\n\t\t\t\t<div class=\"elementor-widget-container\">\n\t\t\t\t\t\t\t<div class=\"elementor-spacer\">\n\t\t\t<div class=\"elementor-spacer-inner\"><\/div>\n\t\t<\/div>\n\t\t\t\t\t\t<\/div>\n\t\t\t\t<\/div>\n\t\t\t\t<div class=\"elementor-element elementor-element-8d9bec7 sc_fly_static elementor-widget elementor-widget-heading\" data-id=\"8d9bec7\" data-element_type=\"widget\" data-widget_type=\"heading.default\">\n\t\t\t\t<div class=\"elementor-widget-container\">\n\t\t\t\t\t<h4 class=\"elementor-heading-title elementor-size-default\">En cada pieza de filigrana momposina hay paciencia, manos expertas y tradici\u00f3n. Creamos joyas que no solo adornan, sino que cuentan historias y celebran nuestras ra\u00edces. Lleva contigo un pedacito de Mompox en cada detalle. <br><br>\n- Alexander Vanegas<\/h4>\t\t\t\t<\/div>\n\t\t\t\t<\/div>\n\t\t\t\t<div class=\"elementor-element elementor-element-11bb16ad sc_fly_static elementor-widget elementor-widget-spacer\" data-id=\"11bb16ad\" data-element_type=\"widget\" data-widget_type=\"spacer.default\">\n\t\t\t\t<div class=\"elementor-widget-container\">\n\t\t\t\t\t\t\t<div class=\"elementor-spacer\">\n\t\t\t<div class=\"elementor-spacer-inner\"><\/div>\n\t\t<\/div>\n\t\t\t\t\t\t<\/div>\n\t\t\t\t<\/div>\n\t\t\t\t<div class=\"elementor-element elementor-element-14feb7b sc_fly_static elementor-widget elementor-widget-image\" data-id=\"14feb7b\" data-element_type=\"widget\" data-widget_type=\"image.default\">\n\t\t\t\t<div class=\"elementor-widget-container\">\n\t\t\t\t\t\t\t\t\t\t\t\t\t\t\t<img decoding=\"async\" width=\"259\" height=\"97\" src=\"https:\/\/joyasdemompox.com\/wp-content\/uploads\/2021\/03\/frank-jacobs1.png\" class=\"attachment-full size-full wp-image-17892\" alt=\"\" \/>\t\t\t\t\t\t\t\t\t\t\t\t\t\t\t<\/div>\n\t\t\t\t<\/div>\n\t\t\t\t\t<\/div>\n\t\t<\/div>\n\t\t\t\t\t<\/div>\n\t\t<\/section>\n\t\t\t\t<section class=\"elementor-section elementor-top-section elementor-element elementor-element-80dbee0 elementor-section-boxed elementor-section-height-default elementor-section-height-default sc_fly_static\" data-id=\"80dbee0\" data-element_type=\"section\">\n\t\t\t\t\t\t<div class=\"elementor-container elementor-column-gap-extended\">\n\t\t\t\t\t<div class=\"elementor-column elementor-col-100 elementor-top-column elementor-element elementor-element-d2dab72 sc_content_align_inherit sc_layouts_column_icons_position_left sc_fly_static\" data-id=\"d2dab72\" data-element_type=\"column\">\n\t\t\t<div class=\"elementor-widget-wrap elementor-element-populated\">\n\t\t\t\t\t\t<div class=\"elementor-element elementor-element-031372c sc_height_huge sc_fly_static elementor-widget elementor-widget-spacer\" data-id=\"031372c\" data-element_type=\"widget\" data-widget_type=\"spacer.default\">\n\t\t\t\t<div class=\"elementor-widget-container\">\n\t\t\t\t\t\t\t<div class=\"elementor-spacer\">\n\t\t\t<div class=\"elementor-spacer-inner\"><\/div>\n\t\t<\/div>\n\t\t\t\t\t\t<\/div>\n\t\t\t\t<\/div>\n\t\t\t\t\t<\/div>\n\t\t<\/div>\n\t\t\t\t\t<\/div>\n\t\t<\/section>\n\t\t\t\t<section class=\"elementor-section elementor-top-section elementor-element elementor-element-75742bae scheme_dark elementor-section-stretched elementor-section-boxed elementor-section-height-default elementor-section-height-default sc_fly_static\" data-id=\"75742bae\" data-element_type=\"section\" data-settings=\"{&quot;background_background&quot;:&quot;classic&quot;,&quot;stretch_section&quot;:&quot;section-stretched&quot;}\">\n\t\t\t\t\t\t<div class=\"elementor-container elementor-column-gap-extended\">\n\t\t\t\t\t<div class=\"elementor-column elementor-col-100 elementor-top-column elementor-element elementor-element-56818cfc sc_content_align_inherit sc_layouts_column_icons_position_left sc_fly_static\" data-id=\"56818cfc\" data-element_type=\"column\">\n\t\t\t<div class=\"elementor-widget-wrap elementor-element-populated\">\n\t\t\t\t\t\t<div class=\"elementor-element elementor-element-51f6671 sc_fly_static elementor-widget elementor-widget-image\" data-id=\"51f6671\" data-element_type=\"widget\" data-widget_type=\"image.default\">\n\t\t\t\t<div class=\"elementor-widget-container\">\n\t\t\t\t\t\t\t\t\t\t\t\t\t\t\t<img decoding=\"async\" width=\"214\" height=\"43\" src=\"https:\/\/joyasdemompox.com\/wp-content\/uploads\/2021\/04\/footer-component.svg\" class=\"attachment-large size-large wp-image-23072\" alt=\"\" \/>\t\t\t\t\t\t\t\t\t\t\t\t\t\t\t<\/div>\n\t\t\t\t<\/div>\n\t\t\t\t<div class=\"elementor-element elementor-element-8a23d75 sc_fly_static elementor-widget elementor-widget-spacer\" data-id=\"8a23d75\" data-element_type=\"widget\" data-widget_type=\"spacer.default\">\n\t\t\t\t<div class=\"elementor-widget-container\">\n\t\t\t\t\t\t\t<div class=\"elementor-spacer\">\n\t\t\t<div class=\"elementor-spacer-inner\"><\/div>\n\t\t<\/div>\n\t\t\t\t\t\t<\/div>\n\t\t\t\t<\/div>\n\t\t\t\t<div class=\"elementor-element elementor-element-7d84b3c2 sc_fly_static elementor-widget elementor-widget-trx_sc_title\" data-id=\"7d84b3c2\" data-element_type=\"widget\" data-widget_type=\"trx_sc_title.default\">\n\t\t\t\t<div class=\"elementor-widget-container\">\n\t\t\t\t\t<div\t\tclass=\"sc_title sc_title_default\" ><h2 class=\"sc_item_title sc_title_title sc_align_center sc_item_title_style_default\"\n\t\t\t><span class=\"sc_item_title_text\">LO QUE DICEN NUESTROS CLIENTES<\/span><\/h2><span class=\"sc_item_subtitle sc_title_subtitle sc_align_center sc_item_subtitle_below sc_item_title_style_default\">Joyas de filigrana momposina que se convierten en recuerdos para toda la vida.<\/span><\/div>\t\t\t\t<\/div>\n\t\t\t\t<\/div>\n\t\t\t\t<div class=\"elementor-element elementor-element-5e5c8b36 sc_fly_static elementor-widget elementor-widget-spacer\" data-id=\"5e5c8b36\" data-element_type=\"widget\" data-widget_type=\"spacer.default\">\n\t\t\t\t<div class=\"elementor-widget-container\">\n\t\t\t\t\t\t\t<div class=\"elementor-spacer\">\n\t\t\t<div class=\"elementor-spacer-inner\"><\/div>\n\t\t<\/div>\n\t\t\t\t\t\t<\/div>\n\t\t\t\t<\/div>\n\t\t\t\t<div class=\"elementor-element elementor-element-67e4e238 scheme_default sc_fly_static elementor-widget elementor-widget-trx_sc_testimonials\" data-id=\"67e4e238\" data-element_type=\"widget\" data-widget_type=\"trx_sc_testimonials.default\">\n\t\t\t\t<div class=\"elementor-widget-container\">\n\t\t\t\t\t<div \t\tclass=\"sc_testimonials scheme_default sc_testimonials_accent2\"><div class=\"sc_testimonials_columns_wrap sc_item_columns trx_addons_columns_wrap columns_padding_bottom columns_in_single_row\"><div class=\"trx_addons_column-1_3\"><div data-post-id=\"538\" class=\"sc_testimonials_item sc_item_container post_container\">\r\n\t<div class=\"sc_testimonials_item_content\">\n<p>El anillo super\u00f3 todo lo que imaginaba; en persona se ve mucho m\u00e1s delicado y brillante. Se nota el trabajo a mano y la dedicaci\u00f3n en cada detalle.<\/p>\n<\/div>\r\n\t<div class=\"sc_testimonials_item_author\">\r\n\t\t\t\t\t<div class=\"sc_testimonials_item_author_avatar\"><img decoding=\"async\" width=\"120\" height=\"120\" src=\"https:\/\/joyasdemompox.com\/wp-content\/uploads\/2020\/04\/test2-copyright-120x120.jpg\" class=\"attachment-frank-jewelry-store-thumb-tiny size-frank-jewelry-store-thumb-tiny wp-post-image\" alt=\"Laura M.\" srcset=\"https:\/\/joyasdemompox.com\/wp-content\/uploads\/2020\/04\/test2-copyright-120x120.jpg 120w, https:\/\/joyasdemompox.com\/wp-content\/uploads\/2020\/04\/test2-copyright-300x300.jpg 300w, https:\/\/joyasdemompox.com\/wp-content\/uploads\/2020\/04\/test2-copyright-150x150.jpg 150w, https:\/\/joyasdemompox.com\/wp-content\/uploads\/2020\/04\/test2-copyright-768x768.jpg 768w, https:\/\/joyasdemompox.com\/wp-content\/uploads\/2020\/04\/test2-copyright-370x370.jpg 370w, https:\/\/joyasdemompox.com\/wp-content\/uploads\/2020\/04\/test2-copyright-850x850.jpg 850w, https:\/\/joyasdemompox.com\/wp-content\/uploads\/2020\/04\/test2-copyright-410x410.jpg 410w, https:\/\/joyasdemompox.com\/wp-content\/uploads\/2020\/04\/test2-copyright-630x630.jpg 630w, https:\/\/joyasdemompox.com\/wp-content\/uploads\/2020\/04\/test2-copyright-600x600.jpg 600w, https:\/\/joyasdemompox.com\/wp-content\/uploads\/2020\/04\/test2-copyright.jpg 900w\" sizes=\"(max-width: 120px) 100vw, 120px\" \/><\/div>\r\n\t\t\t\t<div class=\"sc_testimonials_item_author_data\">\r\n\t\t\t<h4 class=\"sc_testimonials_item_author_title\">Laura M.<\/h4>\r\n\t\t\t<div class=\"sc_testimonials_item_author_subtitle\">Expert<\/div>\t\t<\/div>\r\n\t<\/div>\r\n<\/div>\r\n<\/div><div class=\"trx_addons_column-1_3\"><div data-post-id=\"541\" class=\"sc_testimonials_item sc_item_container post_container\">\r\n\t<div class=\"sc_testimonials_item_content\"><p>Qued\u00e9 muy impresionado con la atenci\u00f3n y la paciencia para ayudarme a elegir. Recib\u00ed mi joya justo a tiempo y lleg\u00f3 con un empaque precioso y seguro.<\/p>\n<\/div>\r\n\t<div class=\"sc_testimonials_item_author\">\r\n\t\t\t\t\t<div class=\"sc_testimonials_item_author_avatar\"><img loading=\"lazy\" decoding=\"async\" width=\"120\" height=\"120\" src=\"https:\/\/joyasdemompox.com\/wp-content\/uploads\/2020\/04\/test5-copyright-120x120.jpg\" class=\"attachment-frank-jewelry-store-thumb-tiny size-frank-jewelry-store-thumb-tiny wp-post-image\" alt=\"Mario Pineda\" srcset=\"https:\/\/joyasdemompox.com\/wp-content\/uploads\/2020\/04\/test5-copyright-120x120.jpg 120w, https:\/\/joyasdemompox.com\/wp-content\/uploads\/2020\/04\/test5-copyright-300x300.jpg 300w, https:\/\/joyasdemompox.com\/wp-content\/uploads\/2020\/04\/test5-copyright-150x150.jpg 150w, https:\/\/joyasdemompox.com\/wp-content\/uploads\/2020\/04\/test5-copyright-768x768.jpg 768w, https:\/\/joyasdemompox.com\/wp-content\/uploads\/2020\/04\/test5-copyright-370x370.jpg 370w, https:\/\/joyasdemompox.com\/wp-content\/uploads\/2020\/04\/test5-copyright-850x850.jpg 850w, https:\/\/joyasdemompox.com\/wp-content\/uploads\/2020\/04\/test5-copyright-410x410.jpg 410w, https:\/\/joyasdemompox.com\/wp-content\/uploads\/2020\/04\/test5-copyright-630x630.jpg 630w, https:\/\/joyasdemompox.com\/wp-content\/uploads\/2020\/04\/test5-copyright-600x600.jpg 600w, https:\/\/joyasdemompox.com\/wp-content\/uploads\/2020\/04\/test5-copyright.jpg 900w\" sizes=\"(max-width: 120px) 100vw, 120px\" \/><\/div>\r\n\t\t\t\t<div class=\"sc_testimonials_item_author_data\">\r\n\t\t\t<h4 class=\"sc_testimonials_item_author_title\">Mario Pineda<\/h4>\r\n\t\t\t<div class=\"sc_testimonials_item_author_subtitle\">Expert<\/div>\t\t<\/div>\r\n\t<\/div>\r\n<\/div>\r\n<\/div><div class=\"trx_addons_column-1_3\"><div data-post-id=\"543\" class=\"sc_testimonials_item sc_item_container post_container\">\r\n\t<div class=\"sc_testimonials_item_content\"><p>La filigrana es hermosa, ligera y muy c\u00f3moda de usar. Todos me preguntan de d\u00f3nde es. Sin duda volver\u00e9 a comprar para regalar a mi familia.<\/p>\n<\/div>\r\n\t<div class=\"sc_testimonials_item_author\">\r\n\t\t\t\t\t<div class=\"sc_testimonials_item_author_avatar\"><img loading=\"lazy\" decoding=\"async\" width=\"120\" height=\"120\" src=\"https:\/\/joyasdemompox.com\/wp-content\/uploads\/2020\/04\/test4-copyright-120x120.jpg\" class=\"attachment-frank-jewelry-store-thumb-tiny size-frank-jewelry-store-thumb-tiny wp-post-image\" alt=\"NiCOLE F.\" srcset=\"https:\/\/joyasdemompox.com\/wp-content\/uploads\/2020\/04\/test4-copyright-120x120.jpg 120w, https:\/\/joyasdemompox.com\/wp-content\/uploads\/2020\/04\/test4-copyright-300x300.jpg 300w, https:\/\/joyasdemompox.com\/wp-content\/uploads\/2020\/04\/test4-copyright-150x150.jpg 150w, https:\/\/joyasdemompox.com\/wp-content\/uploads\/2020\/04\/test4-copyright-768x766.jpg 768w, https:\/\/joyasdemompox.com\/wp-content\/uploads\/2020\/04\/test4-copyright-370x370.jpg 370w, https:\/\/joyasdemompox.com\/wp-content\/uploads\/2020\/04\/test4-copyright-850x848.jpg 850w, https:\/\/joyasdemompox.com\/wp-content\/uploads\/2020\/04\/test4-copyright-410x409.jpg 410w, https:\/\/joyasdemompox.com\/wp-content\/uploads\/2020\/04\/test4-copyright-630x630.jpg 630w, https:\/\/joyasdemompox.com\/wp-content\/uploads\/2020\/04\/test4-copyright-600x599.jpg 600w, https:\/\/joyasdemompox.com\/wp-content\/uploads\/2020\/04\/test4-copyright.jpg 902w\" sizes=\"(max-width: 120px) 100vw, 120px\" \/><\/div>\r\n\t\t\t\t<div class=\"sc_testimonials_item_author_data\">\r\n\t\t\t<h4 class=\"sc_testimonials_item_author_title\">NiCOLE F.<\/h4>\r\n\t\t\t<div class=\"sc_testimonials_item_author_subtitle\">Expert<\/div>\t\t<\/div>\r\n\t<\/div>\r\n<\/div>\r\n<\/div><\/div><\/div><!-- \/.sc_testimonials -->\t\t\t\t<\/div>\n\t\t\t\t<\/div>\n\t\t\t\t<div class=\"elementor-element elementor-element-2290e6ad sc_fly_static elementor-widget elementor-widget-spacer\" data-id=\"2290e6ad\" data-element_type=\"widget\" data-widget_type=\"spacer.default\">\n\t\t\t\t<div class=\"elementor-widget-container\">\n\t\t\t\t\t\t\t<div class=\"elementor-spacer\">\n\t\t\t<div class=\"elementor-spacer-inner\"><\/div>\n\t\t<\/div>\n\t\t\t\t\t\t<\/div>\n\t\t\t\t<\/div>\n\t\t\t\t<div class=\"elementor-element elementor-element-7afca88a sc_fly_static elementor-widget elementor-widget-heading\" data-id=\"7afca88a\" data-element_type=\"widget\" data-widget_type=\"heading.default\">\n\t\t\t\t<div class=\"elementor-widget-container\">\n\t\t\t\t\t<h2 class=\"elementor-heading-title elementor-size-default\">Nuestros dise\u00f1os no desaparecen, se <br> convierten en tesoros que se heredan.<\/h2>\t\t\t\t<\/div>\n\t\t\t\t<\/div>\n\t\t\t\t<div class=\"elementor-element elementor-element-d84541d sc_height_huge sc_fly_static elementor-widget elementor-widget-spacer\" data-id=\"d84541d\" data-element_type=\"widget\" data-widget_type=\"spacer.default\">\n\t\t\t\t<div class=\"elementor-widget-container\">\n\t\t\t\t\t\t\t<div class=\"elementor-spacer\">\n\t\t\t<div class=\"elementor-spacer-inner\"><\/div>\n\t\t<\/div>\n\t\t\t\t\t\t<\/div>\n\t\t\t\t<\/div>\n\t\t\t\t\t<\/div>\n\t\t<\/div>\n\t\t\t\t\t<\/div>\n\t\t<\/section>\n\t\t\t\t<\/div>","protected":false},"excerpt":{"rendered":"<p>Joyas que GUARDAN HISTORIA En cada pieza de filigrana momposina hay paciencia, manos expertas y tradici\u00f3n. Creamos joyas que no solo adornan, sino que cuentan historias y celebran nuestras ra\u00edces.&hellip;<\/p>","protected":false},"author":1,"featured_media":0,"parent":0,"menu_order":0,"comment_status":"closed","ping_status":"closed","template":"","meta":{"footnotes":""},"class_list":["post-17964","page","type-page","status-publish","hentry"],"_hostinger_reach_plugin_has_subscription_block":false,"_hostinger_reach_plugin_is_elementor":false,"_links":{"self":[{"href":"https:\/\/joyasdemompox.com\/en\/wp-json\/wp\/v2\/pages\/17964","targetHints":{"allow":["GET"]}}],"collection":[{"href":"https:\/\/joyasdemompox.com\/en\/wp-json\/wp\/v2\/pages"}],"about":[{"href":"https:\/\/joyasdemompox.com\/en\/wp-json\/wp\/v2\/types\/page"}],"author":[{"embeddable":true,"href":"https:\/\/joyasdemompox.com\/en\/wp-json\/wp\/v2\/users\/1"}],"replies":[{"embeddable":true,"href":"https:\/\/joyasdemompox.com\/en\/wp-json\/wp\/v2\/comments?post=17964"}],"version-history":[{"count":10,"href":"https:\/\/joyasdemompox.com\/en\/wp-json\/wp\/v2\/pages\/17964\/revisions"}],"predecessor-version":[{"id":23159,"href":"https:\/\/joyasdemompox.com\/en\/wp-json\/wp\/v2\/pages\/17964\/revisions\/23159"}],"wp:attachment":[{"href":"https:\/\/joyasdemompox.com\/en\/wp-json\/wp\/v2\/media?parent=17964"}],"curies":[{"name":"wp","href":"https:\/\/api.w.org\/{rel}","templated":true}]}}